{"id":385,"date":"2024-11-25T09:24:43","date_gmt":"2024-11-25T08:24:43","guid":{"rendered":"https:\/\/www.coxy-creation.fr\/?post_type=product&#038;p=385"},"modified":"2024-11-25T09:24:43","modified_gmt":"2024-11-25T08:24:43","slug":"bureau-noir","status":"publish","type":"product","link":"https:\/\/www.coxy-creation.fr\/?product=bureau-noir","title":{"rendered":"bureau noir"},"content":{"rendered":"<p><img loading=\"lazy\" decoding=\"async\" class=\"alignnone size-medium wp-image-386\" src=\"https:\/\/www.coxy-creation.fr\/wp-content\/uploads\/2024\/11\/IMG_3290-300x220.jpg\" alt=\"bureau noir \" width=\"300\" height=\"220\" srcset=\"https:\/\/www.coxy-creation.fr\/wp-content\/uploads\/2024\/11\/IMG_3290-300x220.jpg 300w, https:\/\/www.coxy-creation.fr\/wp-content\/uploads\/2024\/11\/IMG_3290-1024x752.jpg 1024w, https:\/\/www.coxy-creation.fr\/wp-content\/uploads\/2024\/11\/IMG_3290-768x564.jpg 768w, https:\/\/www.coxy-creation.fr\/wp-content\/uploads\/2024\/11\/IMG_3290-1536x1128.jpg 1536w, https:\/\/www.coxy-creation.fr\/wp-content\/uploads\/2024\/11\/IMG_3290-2048x1504.jpg 2048w, https:\/\/www.coxy-creation.fr\/wp-content\/uploads\/2024\/11\/IMG_3290-600x441.jpg 600w\" sizes=\"auto, (max-width: 300px) 100vw, 300px\" \/><\/p>\n<p>bureau retap\u00e9<\/p>\n<p>bois naturel et plateau en \u00e9poxy noir avec motif feuille dor\u00e9<\/p>\n","protected":false},"excerpt":{"rendered":"<p>bureau retap\u00e9 bois naturel et plateau en \u00e9poxy noir avec motif feuille dor\u00e9<\/p>\n","protected":false},"featured_media":386,"comment_status":"closed","ping_status":"closed","template":"","meta":{"_monsterinsights_skip_tracking":false,"_monsterinsights_sitenote_active":false,"_monsterinsights_sitenote_note":"","_monsterinsights_sitenote_category":0,"_uf_show_specific_survey":0,"_uf_disable_surveys":false},"product_brand":[],"product_cat":[34],"product_tag":[],"class_list":{"0":"post-385","1":"product","2":"type-product","3":"status-publish","4":"has-post-thumbnail","6":"product_cat-meubles","8":"first","9":"instock","10":"shipping-taxable","11":"purchasable","12":"product-type-simple"},"_links":{"self":[{"href":"https:\/\/www.coxy-creation.fr\/index.php?rest_route=\/wp\/v2\/product\/385","targetHints":{"allow":["GET"]}}],"collection":[{"href":"https:\/\/www.coxy-creation.fr\/index.php?rest_route=\/wp\/v2\/product"}],"about":[{"href":"https:\/\/www.coxy-creation.fr\/index.php?rest_route=\/wp\/v2\/types\/product"}],"replies":[{"embeddable":true,"href":"https:\/\/www.coxy-creation.fr\/index.php?rest_route=%2Fwp%2Fv2%2Fcomments&post=385"}],"wp:featuredmedia":[{"embeddable":true,"href":"https:\/\/www.coxy-creation.fr\/index.php?rest_route=\/wp\/v2\/media\/386"}],"wp:attachment":[{"href":"https:\/\/www.coxy-creation.fr\/index.php?rest_route=%2Fwp%2Fv2%2Fmedia&parent=385"}],"wp:term":[{"taxonomy":"product_brand","embeddable":true,"href":"https:\/\/www.coxy-creation.fr\/index.php?rest_route=%2Fwp%2Fv2%2Fproduct_brand&post=385"},{"taxonomy":"product_cat","embeddable":true,"href":"https:\/\/www.coxy-creation.fr\/index.php?rest_route=%2Fwp%2Fv2%2Fproduct_cat&post=385"},{"taxonomy":"product_tag","embeddable":true,"href":"https:\/\/www.coxy-creation.fr\/index.php?rest_route=%2Fwp%2Fv2%2Fproduct_tag&post=385"}],"curies":[{"name":"wp","href":"https:\/\/api.w.org\/{rel}","templated":true}]}}